{"id":163,"date":"2026-03-17T07:42:16","date_gmt":"2026-03-17T07:42:16","guid":{"rendered":"https:\/\/medi-first-npo.de\/?page_id=163"},"modified":"2026-03-17T12:09:13","modified_gmt":"2026-03-17T12:09:13","slug":"impressum","status":"publish","type":"page","link":"https:\/\/medi-first-npo.de\/en\/impressum\/","title":{"rendered":"imprint"},"content":{"rendered":"<div id=\"fws_69e139d9905cd\"  data-column-margin=\"default\" data-midnight=\"light\" data-top-percent=\"8%\" data-bottom-percent=\"8%\"  class=\"wpb_row vc_row-fluid vc_row full-width-section  top_padding_tablet_100px top_padding_phone_80px bottom_padding_tablet_100px bottom_padding_phone_80px\"  style=\"padding-top: calc(100vw * 0.08); padding-bottom: calc(100vw * 0.08); \"><div class=\"row-bg-wrap\" data-bg-animation=\"none\" data-bg-animation-delay=\"\" data-bg-overlay=\"true\"><div class=\"inner-wrap row-bg-layer using-image\" ><div class=\"row-bg viewport-desktop using-image\"  style=\"background-image: url(https:\/\/medi-first-npo.de\/wp-content\/uploads\/2026\/03\/AdobeStock_532094746.jpg); background-position: center center; background-repeat: no-repeat; \"><\/div><\/div><div class=\"row-bg-overlay row-bg-layer\" style=\"background-color:#1B375EE6;  opacity: 1; \"><\/div><\/div><div class=\"row_col_wrap_12 col span_12 light left\">\n\t<div  class=\"vc_col-sm-12 wpb_column column_container vc_column_container col centered-text no-extra-padding inherit_tablet inherit_phone\"  data-padding-pos=\"all\" data-has-bg-color=\"false\" data-bg-color=\"\" data-bg-opacity=\"1\" data-animation=\"\" data-delay=\"0\" >\n\t\t<div class=\"vc_column-inner\" >\n\t\t\t<div class=\"wpb_wrapper\">\n\t\t\t\t\n<div class=\"wpb_text_column wpb_content_element\" >\n\t<h1>imprint<\/h1>\n<h5><span style=\"color: #ffffff;\"><a style=\"color: #ffffff;\" href=\"\/en\/\">Home<\/a><\/span> &gt; imprint<\/h5>\n<\/div>\n\n\n\n\n\t\t\t<\/div> \n\t\t<\/div>\n\t<\/div> \n<\/div><\/div>\n\t\t<div id=\"fws_69e139d99081f\"  data-column-margin=\"default\" data-midnight=\"dark\" data-top-percent=\"5%\" data-bottom-percent=\"5%\"  class=\"wpb_row vc_row-fluid vc_row full-width-section  top_padding_tablet_50px top_padding_phone_40px bottom_padding_tablet_50px bottom_padding_phone_40px\"  style=\"padding-top: calc(100vw * 0.05); padding-bottom: calc(100vw * 0.05); \"><div class=\"row-bg-wrap\" data-bg-animation=\"none\" data-bg-animation-delay=\"\" data-bg-overlay=\"false\"><div class=\"inner-wrap row-bg-layer\" ><div class=\"row-bg viewport-desktop\"  style=\"\"><\/div><\/div><\/div><div class=\"row_col_wrap_12 col span_12 dark left\">\n\t<div  class=\"vc_col-sm-12 wpb_column column_container vc_column_container col no-extra-padding inherit_tablet inherit_phone flex_gap_desktop_10px\"  data-padding-pos=\"all\" data-has-bg-color=\"false\" data-bg-color=\"\" data-bg-opacity=\"1\" data-animation=\"\" data-delay=\"0\" >\n\t\t<div class=\"vc_column-inner\" >\n\t\t\t<div class=\"wpb_wrapper\">\n\t\t\t\t\n<div class=\"wpb_text_column wpb_content_element\" >\n\t<h3>Information according to \u00a7 5 DDG<\/h3>\n<\/div>\n\n\n\n\n<div class=\"wpb_text_column wpb_content_element\" >\n\t<p><strong>Medi First NPO gGmbH i. Gr.<\/strong><br \/>\nK\u00f6nigstrasse 3<br \/>\n01097 Dresden<br \/>\nDeutschland<\/p>\n<h4>Represented by:<\/h4>\n<p>Robert R\u00f6ssel, Managing Director<\/p>\n<h4>Contact:<\/h4>\n<p>Phone: <a href=\"tel:0351 42417533\">0351 42417533<\/a><br \/>\nEmail: <a href=\"mailto:Kontakt@medi-first-npo.de\">Kontakt@medi-first-npo.de<\/a><\/p>\n<h4>Register entry<\/h4>\n<p>The company is in the process of being founded. The application for registration in the commercial register has been initiated\/submitted.<br \/>\nRegistry Court: Dresden District Court<br \/>\nRegistration number: HRB to follow.<\/p>\n<h4>Consumer dispute resolution<\/h4>\n<p>We are neither obligated nor willing to participate in dispute resolution proceedings before a consumer arbitration board.<\/p>\n<h4>Liability for content<\/h4>\n<p>As a service provider, we are responsible for our own content in accordance with general law. However, we assume no liability for its timeliness, accuracy, or completeness.<\/p>\n<h4>Liability for links<\/h4>\n<p>This website may contain links to external websites of third parties. The respective provider or operator is always responsible for the content of the linked pages.<\/p>\n<h4>copyright<\/h4>\n<p>The content and works created by the website operators on this website are subject to German copyright law. Contributions from third parties are marked as such.<\/p>\n<\/div>\n\n\n\n\n\t\t\t<\/div> \n\t\t<\/div>\n\t<\/div> \n<\/div><\/div>","protected":false},"excerpt":{"rendered":"Impressum Heim &gt; Impressum Angaben gem\u00e4\u00df \u00a7 5 DDG Medi First NPO gGmbH i. Gr. K\u00f6nigstra\u00dfe 3 01097 Dresden Deutschland Vertreten durch: Robert R\u00f6ssel, Gesch\u00e4ftsf\u00fchrer Kontakt: Telefon: 0351 42417533 E-Mail:...","protected":false},"author":1,"featured_media":0,"parent":0,"menu_order":0,"comment_status":"closed","ping_status":"closed","template":"","meta":{"footnotes":""},"class_list":["post-163","page","type-page","status-publish"],"_links":{"self":[{"href":"https:\/\/medi-first-npo.de\/en\/wp-json\/wp\/v2\/pages\/163","targetHints":{"allow":["GET"]}}],"collection":[{"href":"https:\/\/medi-first-npo.de\/en\/wp-json\/wp\/v2\/pages"}],"about":[{"href":"https:\/\/medi-first-npo.de\/en\/wp-json\/wp\/v2\/types\/page"}],"author":[{"embeddable":true,"href":"https:\/\/medi-first-npo.de\/en\/wp-json\/wp\/v2\/users\/1"}],"replies":[{"embeddable":true,"href":"https:\/\/medi-first-npo.de\/en\/wp-json\/wp\/v2\/comments?post=163"}],"version-history":[{"count":7,"href":"https:\/\/medi-first-npo.de\/en\/wp-json\/wp\/v2\/pages\/163\/revisions"}],"predecessor-version":[{"id":261,"href":"https:\/\/medi-first-npo.de\/en\/wp-json\/wp\/v2\/pages\/163\/revisions\/261"}],"wp:attachment":[{"href":"https:\/\/medi-first-npo.de\/en\/wp-json\/wp\/v2\/media?parent=163"}],"curies":[{"name":"wp","href":"https:\/\/api.w.org\/{rel}","templated":true}]}}