{"id":19,"date":"2026-03-16T07:32:16","date_gmt":"2026-03-16T07:32:16","guid":{"rendered":"https:\/\/medi-first-npo.de\/?page_id=19"},"modified":"2026-03-26T10:29:56","modified_gmt":"2026-03-26T10:29:56","slug":"kontakt","status":"publish","type":"page","link":"https:\/\/medi-first-npo.de\/en\/kontakt\/","title":{"rendered":"Contact"},"content":{"rendered":"\n\t\t<div id=\"fws_69e13fb361a14\"  data-column-margin=\"default\" data-midnight=\"light\" data-top-percent=\"8%\" data-bottom-percent=\"8%\"  class=\"wpb_row vc_row-fluid vc_row full-width-section  top_padding_tablet_100px top_padding_phone_80px bottom_padding_tablet_100px bottom_padding_phone_80px\"  style=\"padding-top: calc(100vw * 0.08); padding-bottom: calc(100vw * 0.08); \"><div class=\"row-bg-wrap\" data-bg-animation=\"zoom-out-slow\" data-bg-animation-delay=\"\" data-bg-overlay=\"true\"><div class=\"inner-wrap row-bg-layer using-image\" ><div class=\"row-bg viewport-desktop using-image\"  style=\"background-image: url(https:\/\/medi-first-npo.de\/wp-content\/uploads\/2026\/03\/AdobeStock_1912692097.jpg); background-position: center center; background-repeat: no-repeat; \"><\/div><\/div><div class=\"row-bg-overlay row-bg-layer\" style=\"background-color:#1B375EE6;  opacity: 1; \"><\/div><\/div><div class=\"row_col_wrap_12 col span_12 light left\">\n\t<div  class=\"vc_col-sm-12 wpb_column column_container vc_column_container col centered-text has-animation no-extra-padding inherit_tablet inherit_phone \"  data-padding-pos=\"all\" data-has-bg-color=\"false\" data-bg-color=\"\" data-bg-opacity=\"1\" data-animation=\"fade-in-from-bottom\" data-delay=\"0\" >\n\t\t<div class=\"vc_column-inner\" >\n\t\t\t<div class=\"wpb_wrapper\">\n\t\t\t\t\n<div class=\"wpb_text_column wpb_content_element \" >\n\t<h1>Kontakt<\/h1>\n<h5><span style=\"color: #ffffff;\"><a style=\"color: #ffffff;\" href=\"\/\">Heim<\/a><\/span> &gt; Kontakt<\/h5>\n<\/div>\n\n\n\n\n\t\t\t<\/div> \n\t\t<\/div>\n\t<\/div> \n<\/div><\/div>\n\t\t<div id=\"fws_69e13fb361c7d\"  data-column-margin=\"default\" data-midnight=\"dark\" data-top-percent=\"5%\"  class=\"wpb_row vc_row-fluid vc_row full-width-section  top_padding_tablet_50px top_padding_phone_40px\"  style=\"padding-top: calc(100vw * 0.05); padding-bottom: 0px; \"><div class=\"row-bg-wrap\" data-bg-animation=\"none\" data-bg-animation-delay=\"\" data-bg-overlay=\"false\"><div class=\"inner-wrap row-bg-layer\" ><div class=\"row-bg viewport-desktop\"  style=\"\"><\/div><\/div><\/div><div class=\"row_col_wrap_12 col span_12 dark left\">\n\t<div style=\"\" class=\"vc_col-sm-12 wpb_column column_container vc_column_container col centered-text has-animation padding-5-percent inherit_tablet inherit_phone \" data-using-bg=\"true\" data-border-radius=\"10px\" data-padding-pos=\"all\" data-has-bg-color=\"true\" data-bg-color=\"#DFECFE\" data-bg-opacity=\"1\" data-animation=\"grow-in\" data-delay=\"0\" >\n\t\t<div class=\"vc_column-inner\" ><div class=\"column-bg-overlay-wrap column-bg-layer\" data-bg-animation=\"none\"><div class=\"column-bg-overlay\" style=\"opacity: 1; background-color: #DFECFE;\"><\/div><\/div>\n\t\t\t<div class=\"wpb_wrapper\">\n\t\t\t\t\n<div class=\"wpb_text_column wpb_content_element \" >\n\t<h2>Austausch, Kooperation und Unterst\u00fctzung<\/h2>\n<\/div>\n\n\n\n<div class=\"divider-wrap\" data-alignment=\"default\"><div style=\"height: 2px;\" class=\"divider\"><\/div><\/div>\n<div class=\"wpb_text_column wpb_content_element \" style=\" max-width: 1000px; display: inline-block;\">\n\t<h5>Wir leiten Ihr Anliegen zielgerichtet weiter und setzen uns dann mit Ihnen in Kontakt. Wir freuen uns auf Ihre Nachricht und darauf, Sie \u2013 im Rahmen unserer M\u00f6glichkeiten \u2013 zu unterst\u00fctzen.<\/h5>\n<\/div>\n\n\n\n\n\t\t\t<\/div> \n\t\t<\/div>\n\t<\/div> \n<\/div><\/div>\n\t\t<div id=\"fws_69e13fb361e56\"  data-column-margin=\"default\" data-midnight=\"dark\" data-top-percent=\"5%\" data-bottom-percent=\"5%\"  class=\"wpb_row vc_row-fluid vc_row full-width-section  top_padding_tablet_50px top_padding_phone_40px bottom_padding_tablet_50px bottom_padding_phone_40px\"  style=\"padding-top: calc(100vw * 0.05); padding-bottom: calc(100vw * 0.05); \"><div class=\"row-bg-wrap\" data-bg-animation=\"none\" data-bg-animation-delay=\"\" data-bg-overlay=\"false\"><div class=\"inner-wrap row-bg-layer\" ><div class=\"row-bg viewport-desktop\"  style=\"\"><\/div><\/div><\/div><div class=\"row_col_wrap_12 col span_12 dark left\">\n\t<div  class=\"vc_col-sm-12 wpb_column column_container vc_column_container col no-extra-padding inherit_tablet inherit_phone flex_gap_desktop_10px \"  data-padding-pos=\"all\" data-has-bg-color=\"false\" data-bg-color=\"\" data-bg-opacity=\"1\" data-animation=\"\" data-delay=\"0\" >\n\t\t<div class=\"vc_column-inner\" >\n\t\t\t<div class=\"wpb_wrapper\">\n\t\t\t\t<div id=\"fws_69e13fb361fc7\" data-midnight=\"\" data-column-margin=\"default\" class=\"wpb_row vc_row-fluid vc_row inner_row\"  style=\"\"><div class=\"row-bg-wrap\"> <div class=\"row-bg\" ><\/div> <\/div><div class=\"row_col_wrap_12_inner col span_12  left\">\n\t<div  class=\"vc_col-sm-12 wpb_column column_container vc_column_container col child_column centered-text has-animation no-extra-padding inherit_tablet inherit_phone \"   data-padding-pos=\"all\" data-has-bg-color=\"false\" data-bg-color=\"\" data-bg-opacity=\"1\" data-animation=\"fade-in-from-bottom\" data-delay=\"0\" >\n\t\t<div class=\"vc_column-inner\" >\n\t\t<div class=\"wpb_wrapper\">\n\t\t\t\n<div class=\"wpb_text_column wpb_content_element \" style=\" max-width: 1000px; display: inline-block;\">\n\t<h3>Kontaktformular<\/h3>\n<\/div>\n\n\n\n<div class=\"divider-wrap\" data-alignment=\"default\"><div style=\"height: 2px;\" class=\"divider\"><\/div><\/div>\n<div class=\"wpb_text_column wpb_content_element \" style=\" max-width: 700px; display: inline-block;\">\n\t<p>Bitte nutzen Sie das Formular, damit wir Ihre Anfrage direkt an die zust\u00e4ndige Stelle innerhalb der MediFirst NPO weitergeben k\u00f6nnen<\/p>\n<\/div>\n\n\n\n\n\t\t<\/div> \n\t<\/div>\n\t<\/div> \n<\/div><\/div><div id=\"fws_69e13fb36215d\" data-midnight=\"\" data-column-margin=\"default\" class=\"wpb_row vc_row-fluid vc_row inner_row\"  style=\"\"><div class=\"row-bg-wrap\"> <div class=\"row-bg\" ><\/div> <\/div><div class=\"row_col_wrap_12_inner col span_12  left\">\n\t<div  class=\"vc_col-sm-12 wpb_column column_container vc_column_container col child_column has-animation no-extra-padding inherit_tablet inherit_phone \"   data-padding-pos=\"all\" data-has-bg-color=\"false\" data-bg-color=\"\" data-bg-opacity=\"1\" data-animation=\"fade-in-from-bottom\" data-delay=\"0\" >\n\t\t<div class=\"vc_column-inner\" >\n\t\t<div class=\"wpb_wrapper\">\n\t\t\t<style id=\"wpforms-css-vars-147\">\n\t\t\t\t#wpforms-147 {\n\t\t\t\t--wpforms-container-padding: 0px;\n--wpforms-container-border-width: 1px;\n--wpforms-container-border-radius: 3px;\n--wpforms-background-color: rgba(0, 0, 0, 0);\n--wpforms-field-size-input-height: 43px;\n--wpforms-field-size-input-spacing: 15px;\n--wpforms-field-size-font-size: 16px;\n--wpforms-field-size-line-height: 19px;\n--wpforms-field-size-padding-h: 14px;\n--wpforms-field-size-checkbox-size: 16px;\n--wpforms-field-size-sublabel-spacing: 5px;\n--wpforms-field-size-icon-size: 1;\n--wpforms-label-size-font-size: 16px;\n--wpforms-label-size-line-height: 19px;\n--wpforms-label-size-sublabel-font-size: 14px;\n--wpforms-label-size-sublabel-line-height: 17px;\n--wpforms-button-size-font-size: 17px;\n--wpforms-button-size-height: 41px;\n--wpforms-button-size-padding-h: 15px;\n--wpforms-button-size-margin-top: 10px;\n--wpforms-container-shadow-size-box-shadow: none;\n\t\t\t}\n\t\t\t<\/style><div class=\"wpforms-container wpforms-container-full wpforms-render-modern\" id=\"wpforms-147\"><form id=\"wpforms-form-147\" class=\"wpforms-validate wpforms-form wpforms-ajax-form\" data-formid=\"147\" method=\"post\" enctype=\"multipart\/form-data\" action=\"\/en\/wp-json\/wp\/v2\/pages\/19\" data-token=\"91bd7210bbd231dc8861ae607b408f12\" data-token-time=\"1776369587\"><noscript class=\"wpforms-error-noscript\">Please enable JavaScript in your browser to complete this form.<\/noscript><div id=\"wpforms-error-noscript\" style=\"display: none;\">Please enable JavaScript in your browser to complete this form.<\/div><div class=\"wpforms-field-container\"><div id=\"wpforms-147-field_4-container\" class=\"wpforms-field wpforms-field-select wpforms-field-select-style-classic\" data-field-id=\"4\"><label class=\"wpforms-field-label\" for=\"wpforms-147-field_4\">Anliegen <span class=\"wpforms-required-label\" aria-hidden=\"true\">*<\/span><\/label><select id=\"wpforms-147-field_4\" class=\"wpforms-field-large wpforms-field-required\" name=\"wpforms[fields][4]\" required=\"required\"><option value=\"\" class=\"placeholder\" disabled  selected='selected'>W\u00e4hlen<\/option><option value=\"Kooperation &amp; Institutionen\"  class=\"choice-4 depth-1\"  >Kooperation &amp; Institutionen<\/option><option value=\"Presse &amp; Medien\"  class=\"choice-5 depth-1\"  >Presse &amp; Medien<\/option><option value=\"Fortbildungen &amp; Fachdialog\"  class=\"choice-6 depth-1\"  >Fortbildungen &amp; Fachdialog<\/option><option value=\"Soziale Unterst\u00fctzung &amp; H\u00e4rtefall-Fonds\"  class=\"choice-7 depth-1\"  >Soziale Unterst\u00fctzung &amp; H\u00e4rtefall-Fonds<\/option><option value=\"Spenden &amp; Unterst\u00fctzen\"  class=\"choice-8 depth-1\"  >Spenden &amp; Unterst\u00fctzen<\/option><option value=\"Allgemeine Anfrage\"  class=\"choice-9 depth-1\"  >Allgemeine Anfrage<\/option><\/select><\/div><div id=\"wpforms-147-field_1-container\" class=\"wpforms-field wpforms-field-name\" data-field-id=\"1\"><fieldset><legend class=\"wpforms-field-label\">Titel Herr \/ Frau, Dr., Prof. <span class=\"wpforms-required-label\" aria-hidden=\"true\">*<\/span><\/legend><div class=\"wpforms-field-row wpforms-field-large\"><div class=\"wpforms-field-row-block wpforms-first wpforms-one-half\"><input type=\"text\" id=\"wpforms-147-field_1\" class=\"wpforms-field-name-first wpforms-field-required\" name=\"wpforms[fields][1][first]\" placeholder=\"Vorname\" aria-errormessage=\"wpforms-147-field_1-error\" required><label for=\"wpforms-147-field_1\" class=\"wpforms-field-sublabel after\">First<\/label><\/div><div class=\"wpforms-field-row-block wpforms-one-half\"><input type=\"text\" id=\"wpforms-147-field_1-last\" class=\"wpforms-field-name-last wpforms-field-required\" name=\"wpforms[fields][1][last]\" placeholder=\"Nachname\" aria-errormessage=\"wpforms-147-field_1-last-error\" required><label for=\"wpforms-147-field_1-last\" class=\"wpforms-field-sublabel after\">Last<\/label><\/div><\/div><\/fieldset><\/div><div id=\"wpforms-147-field_5-container\" class=\"wpforms-field wpforms-field-text\" data-field-id=\"5\"><label class=\"wpforms-field-label\" for=\"wpforms-147-field_5\">Unternehmen\/Organisation<\/label><input type=\"text\" id=\"wpforms-147-field_5\" class=\"wpforms-field-large\" name=\"wpforms[fields][5]\" placeholder=\"Unternehmen\/Organisation\" aria-errormessage=\"wpforms-147-field_5-error\" ><\/div><div id=\"wpforms-147-field_6-container\" class=\"wpforms-field wpforms-field-text\" data-field-id=\"6\"><label class=\"wpforms-field-label\" for=\"wpforms-147-field_6\">Rolle\/Funktion<\/label><input type=\"text\" id=\"wpforms-147-field_6\" class=\"wpforms-field-large\" name=\"wpforms[fields][6]\" placeholder=\"Rolle\/Funktion\" aria-errormessage=\"wpforms-147-field_6-error\" ><\/div><div id=\"wpforms-147-field_2-container\" class=\"wpforms-field wpforms-field-email\" data-field-id=\"2\"><label class=\"wpforms-field-label\" for=\"wpforms-147-field_2\">E-Mail <span class=\"wpforms-required-label\" aria-hidden=\"true\">*<\/span><\/label><input type=\"email\" id=\"wpforms-147-field_2\" class=\"wpforms-field-large wpforms-field-required\" name=\"wpforms[fields][2]\" placeholder=\"E-Mail\" spellcheck=\"false\" aria-errormessage=\"wpforms-147-field_2-error\" required><\/div>\t\t<div id=\"wpforms-147-field_9-container\"\n\t\t\tclass=\"wpforms-field wpforms-field-text\"\n\t\t\tdata-field-type=\"text\"\n\t\t\tdata-field-id=\"9\"\n\t\t\t>\n\t\t\t<label class=\"wpforms-field-label\" for=\"wpforms-147-field_9\" >Nachricht Telefon Rolle\/Funktion<\/label>\n\t\t\t<input type=\"text\" id=\"wpforms-147-field_9\" class=\"wpforms-field-medium\" name=\"wpforms[fields][9]\" >\n\t\t<\/div>\n\t\t<div id=\"wpforms-147-field_7-container\" class=\"wpforms-field wpforms-field-text\" data-field-id=\"7\"><label class=\"wpforms-field-label\" for=\"wpforms-147-field_7\">Telefon  <span class=\"wpforms-required-label\" aria-hidden=\"true\">*<\/span><\/label><input type=\"text\" id=\"wpforms-147-field_7\" class=\"wpforms-field-large wpforms-field-required wpforms-masked-input\" data-rule-inputmask-incomplete=\"1\" data-inputmask-mask=\"+49 999 99999999\" name=\"wpforms[fields][7]\" placeholder=\"Telefon \" aria-errormessage=\"wpforms-147-field_7-error\" required><\/div><div id=\"wpforms-147-field_3-container\" class=\"wpforms-field wpforms-field-textarea\" data-field-id=\"3\"><label class=\"wpforms-field-label\" for=\"wpforms-147-field_3\">Nachricht <span class=\"wpforms-required-label\" aria-hidden=\"true\">*<\/span><\/label><textarea id=\"wpforms-147-field_3\" class=\"wpforms-field-medium wpforms-field-required\" name=\"wpforms[fields][3]\" placeholder=\"Ihre Nachricht \" aria-errormessage=\"wpforms-147-field_3-error\" required><\/textarea><\/div><div id=\"wpforms-147-field_8-container\" class=\"wpforms-field wpforms-field-checkbox\" data-field-id=\"8\"><fieldset><legend class=\"wpforms-field-label wpforms-label-hide\" aria-hidden=\"false\">Checkbox <span class=\"wpforms-required-label\" aria-hidden=\"true\">*<\/span><\/legend><ul id=\"wpforms-147-field_8\" class=\"wpforms-field-required\"><li class=\"choice-3 depth-1\"><input type=\"checkbox\" id=\"wpforms-147-field_8_3\" name=\"wpforms[fields][8][]\" value=\"Ich habe die Datenschutzerkl\u00e4rung gelesen und bin mit der Verarbeitung meiner Daten zur Beantwortung meiner Anfrage einverstanden.  &lt;a href=&quot;\/datenschutz\/&quot;&gt;Datenschutz&lt;\/a&gt;\" aria-errormessage=\"wpforms-147-field_8_3-error\" required ><label class=\"wpforms-field-label-inline\" for=\"wpforms-147-field_8_3\">Ich habe die Datenschutzerkl\u00e4rung gelesen und bin mit der Verarbeitung meiner Daten zur Beantwortung meiner Anfrage einverstanden.  <a href=\"\/datenschutz\/\">Datenschutz<\/a><\/label><\/li><\/ul><\/fieldset><\/div><script>\n\t\t\t\t( function() {\n\t\t\t\t\tconst style = document.createElement( 'style' );\n\t\t\t\t\tstyle.appendChild( document.createTextNode( '#wpforms-147-field_9-container { position: absolute !important; overflow: hidden !important; display: inline !important; height: 1px !important; width: 1px !important; z-index: -1000 !important; padding: 0 !important; } #wpforms-147-field_9-container input { visibility: hidden; } #wpforms-conversational-form-page #wpforms-147-field_9-container label { counter-increment: none; }' ) );\n\t\t\t\t\tdocument.head.appendChild( style );\n\t\t\t\t\tdocument.currentScript?.remove();\n\t\t\t\t} )();\n\t\t\t<\/script><\/div><!-- .wpforms-field-container --><div class=\"wpforms-recaptcha-container wpforms-is-recaptcha wpforms-is-recaptcha-type-v2\" ><div class=\"g-recaptcha\" data-sitekey=\"6LfQgposAAAAAEm-gwyo6rzziJ8LRGBZReEMqk9p\"><\/div><input type=\"text\" name=\"g-recaptcha-hidden\" class=\"wpforms-recaptcha-hidden\" style=\"position:absolute!important;clip:rect(0,0,0,0)!important;height:1px!important;width:1px!important;border:0!important;overflow:hidden!important;padding:0!important;margin:0!important;\" data-rule-recaptcha=\"1\"><\/div><div class=\"wpforms-submit-container\" ><input type=\"hidden\" name=\"wpforms[id]\" value=\"147\"><input type=\"hidden\" name=\"page_title\" value=\"\"><input type=\"hidden\" name=\"page_url\" value=\"https:\/\/medi-first-npo.de\/en\/wp-json\/wp\/v2\/pages\/19\"><input type=\"hidden\" name=\"url_referer\" value=\"\"><button type=\"submit\" name=\"wpforms[submit]\" id=\"wpforms-submit-147\" class=\"wpforms-submit\" data-alt-text=\"Senden...\" data-submit-text=\"Nachricht versenden \" aria-live=\"assertive\" value=\"wpforms-submit\">Nachricht versenden <\/button><img loading=\"lazy\" decoding=\"async\" src=\"https:\/\/medi-first-npo.de\/wp-content\/plugins\/wpforms-lite\/assets\/images\/submit-spin.svg\" class=\"wpforms-submit-spinner\" style=\"display: none;\" width=\"26\" height=\"26\" alt=\"Loading\"><\/div><\/form><\/div>  <!-- .wpforms-container -->\n\t\t<\/div> \n\t<\/div>\n\t<\/div> \n<\/div><\/div><div class=\"divider-wrap\" data-alignment=\"default\"><div style=\"height: 30px;\" class=\"divider\"><\/div><\/div><div id=\"fws_69e13fb36ccc0\" data-midnight=\"\" data-column-margin=\"default\" class=\"wpb_row vc_row-fluid vc_row inner_row\"  style=\"\"><div class=\"row-bg-wrap\"> <div class=\"row-bg\" ><\/div> <\/div><div class=\"row_col_wrap_12_inner col span_12  left\">\n\t<div style=\"\" class=\"vc_col-sm-12 wpb_column column_container vc_column_container col child_column has-animation padding-2-percent padding-2-percent_tablet padding-2-percent_phone \"  data-using-bg=\"true\" data-shadow=\"small_depth\" data-border-radius=\"10px\" data-padding-pos=\"all\" data-has-bg-color=\"true\" data-bg-color=\"#F4F4F4\" data-bg-opacity=\"1\" data-animation=\"grow-in\" data-delay=\"0\" >\n\t\t<div class=\"vc_column-inner\" ><div class=\"column-bg-overlay-wrap column-bg-layer\" data-bg-animation=\"none\"><div class=\"column-bg-overlay\" style=\"opacity: 1; background-color: #F4F4F4;\"><\/div><\/div>\n\t\t<div class=\"wpb_wrapper\">\n\t\t\t<div class=\"iwithtext\"><div class=\"iwt-icon\"> <i class=\"icon-default-style fa fa-info-circle accent-color\"><\/i> <\/div><div class=\"iwt-text\"> <strong>Hinweis<\/strong>: Bitte \u00fcbermitteln Sie keine sensiblen Gesundheitsdaten \u00fcber dieses Kontaktformular. Unterlagen senden Sie bitte nur nach R\u00fccksprache. Wir verarbeiten Ihre Angaben ausschlie\u00dflich zum Zweck der Bearbeitung Ihrer Anfrage. <\/div><div class=\"clear\"><\/div><\/div>\n\t\t<\/div> \n\t<\/div>\n\t<\/div> \n<\/div><\/div>\n\t\t\t<\/div> \n\t\t<\/div>\n\t<\/div> \n<\/div><\/div>\n","protected":false},"excerpt":{"rendered":"Kontakt Heim &gt; Kontakt Austausch, Kooperation und Unterst\u00fctzung Wir leiten Ihr Anliegen zielgerichtet weiter und setzen uns dann mit Ihnen in Kontakt. Wir freuen uns auf Ihre Nachricht und darauf,...","protected":false},"author":1,"featured_media":0,"parent":0,"menu_order":0,"comment_status":"closed","ping_status":"closed","template":"","meta":{"footnotes":""},"class_list":["post-19","page","type-page","status-publish"],"_links":{"self":[{"href":"https:\/\/medi-first-npo.de\/en\/wp-json\/wp\/v2\/pages\/19","targetHints":{"allow":["GET"]}}],"collection":[{"href":"https:\/\/medi-first-npo.de\/en\/wp-json\/wp\/v2\/pages"}],"about":[{"href":"https:\/\/medi-first-npo.de\/en\/wp-json\/wp\/v2\/types\/page"}],"author":[{"embeddable":true,"href":"https:\/\/medi-first-npo.de\/en\/wp-json\/wp\/v2\/users\/1"}],"replies":[{"embeddable":true,"href":"https:\/\/medi-first-npo.de\/en\/wp-json\/wp\/v2\/comments?post=19"}],"version-history":[{"count":15,"href":"https:\/\/medi-first-npo.de\/en\/wp-json\/wp\/v2\/pages\/19\/revisions"}],"predecessor-version":[{"id":408,"href":"https:\/\/medi-first-npo.de\/en\/wp-json\/wp\/v2\/pages\/19\/revisions\/408"}],"wp:attachment":[{"href":"https:\/\/medi-first-npo.de\/en\/wp-json\/wp\/v2\/media?parent=19"}],"curies":[{"name":"wp","href":"https:\/\/api.w.org\/{rel}","templated":true}]}}